{"id":5149,"date":"2021-12-20T12:28:03","date_gmt":"2021-12-20T11:28:03","guid":{"rendered":"https:\/\/maiteleon.com\/?page_id=5149"},"modified":"2026-04-03T21:29:26","modified_gmt":"2026-04-03T19:29:26","slug":"about-me","status":"publish","type":"page","link":"https:\/\/maiteleon.com\/fr\/about-me\/","title":{"rendered":"Maite Leon"},"content":{"rendered":"<div class=\"wpb-content-wrapper\"><div class=\"vc_row wpb_row vc_row-fluid edgtf-section edgtf-content-aligment-left\" style=\"\"><div class=\"clearfix edgtf-full-section-inner\"><div class=\"wpb_column vc_column_container vc_col-sm-3\"><div class=\"vc_column-inner\"><div class=\"wpb_wrapper\"><\/div><\/div><\/div><div class=\"wpb_column vc_column_container vc_col-sm-6\"><div class=\"vc_column-inner vc_custom_1761939780152\"><div class=\"wpb_wrapper\"><div class=\"vc_empty_space\"   style=\"height: 200px\"><span class=\"vc_empty_space_inner\"><\/span><\/div>\n\t<div  class=\"wpb_single_image wpb_content_element vc_align_center wpb_content_element\">\n\t\t\n\t\t<figure class=\"wpb_wrapper vc_figure\">\n\t\t\t<div class=\"vc_single_image-wrapper   vc_box_border_grey\"><img loading=\"lazy\" decoding=\"async\" width=\"238\" height=\"238\" src=\"https:\/\/maiteleon.com\/wp-content\/uploads\/2024\/05\/MAITE-LEON@@.jpg\" class=\"vc_single_image-img attachment-medium\" alt=\"MAITE-LEON\" title=\"MAITE-LEON@@\" srcset=\"https:\/\/maiteleon.com\/wp-content\/uploads\/2024\/05\/MAITE-LEON@@.jpg 238w, https:\/\/maiteleon.com\/wp-content\/uploads\/2024\/05\/MAITE-LEON@@-150x150.jpg 150w, https:\/\/maiteleon.com\/wp-content\/uploads\/2024\/05\/MAITE-LEON@@-12x12.jpg 12w, https:\/\/maiteleon.com\/wp-content\/uploads\/2024\/05\/MAITE-LEON@@-100x100.jpg 100w\" sizes=\"auto, (max-width: 238px) 100vw, 238px\" \/><\/div>\n\t\t<\/figure>\n\t<\/div>\n<div class=\"vc_empty_space\"   style=\"height: 40px\"><span class=\"vc_empty_space_inner\"><\/span><\/div>\n\t<div class=\"wpb_text_column wpb_content_element vc_custom_1761940044853\" >\n\t\t<div class=\"wpb_wrapper\">\n\t\t\t<p style=\"text-align: center;\">\n<h2 class=\"edgtf-custom-font-holder\" style=\"font-family: lato;font-size: 30px;line-height: 30px;font-style: bold;font-weight: 300;letter-spacing: 1px;text-decoration: none;text-align: center;color: black\" data-font-size= \"30\" data-line-height= \"30\">\n\tcontact(at)maiteleon(dot)com\t<\/h2><\/p>\n\n\t\t<\/div>\n\t<\/div>\n<div class=\"vc_empty_space\"   style=\"height: 20px\"><span class=\"vc_empty_space_inner\"><\/span><\/div><div class=\"edgtf-elements-holder edgtf-three-columns edgtf-responsive-mode-768\" ><div class=\"edgtf-elements-holder-item edgtf-vertical-alignment-top edgtf-horizontal-alignment-center\" data-item-class=\"edgtf-elements-holder-custom-410365\" data-1280-1440=\"128px 8% 0px 10%\" data-1024-1280=\"101px 8% 0px 11%\" data-768-1024=\"114px 0% 157px 6%\" data-600-768=\"229px 12% 0px 12%\" data-480-600=\"116px 3% 7px 5%\" data-480=\"116px 3% 7px 5%\" >\n\t\t<div class=\"edgtf-elements-holder-item-inner\">\n\t\t<div class=\"edgtf-elements-holder-item-content edgtf-elements-holder-custom-410365\" style=\"padding: 0px 0px 0px 0px\">\n\t\t\t\n\t<span class=\"edgtf-icon-shortcode normal\" style=\"margin: 0 10px 0 0\" data-hover-color=\"#ff0076\" data-color=\"#ff0076\">\n\t\t\t\t\t<a href=\"https:\/\/www.instagram.com\/maite_leon_illustrations\/\" target=\"_blank\" >\n\t\t\n\t\t<i class=\"edgtf-icon-font-awesome fa fa-instagram edgtf-icon-element\" style=\"color: #ff0076;font-size:20px\" ><\/i>\n\t\t\t\t\t<\/a>\n\t\t\t<\/span>\n\n\n\t<span class=\"edgtf-icon-shortcode normal\" style=\"margin: 0 10px 0 0\" data-hover-color=\"#ff0076\" data-color=\"#ff0076\">\n\t\t\t\t\t<a href=\"https:\/\/www.behance.net\/maiteleon1\" target=\"_blank\" >\n\t\t\n\t\t<i class=\"edgtf-icon-font-awesome fa fa-behance edgtf-icon-element\" style=\"color: #ff0076;font-size:20px\" ><\/i>\n\t\t\t\t\t<\/a>\n\t\t\t<\/span>\n\n\n\t<span class=\"edgtf-icon-shortcode normal\" style=\"margin: 0 10px 0 0\" data-hover-color=\"#ff0076\" data-color=\"#ff0076\">\n\t\t\t\t\t<a href=\"https:\/\/www.linkedin.com\/in\/maite-leon-0306701\/\" target=\"_blank\" >\n\t\t\n\t\t<i class=\"edgtf-icon-font-awesome fa fa-linkedin edgtf-icon-element\" style=\"color: #ff0076;font-size:20px\" ><\/i>\n\t\t\t\t\t<\/a>\n\t\t\t<\/span>\n\n\t\t<\/div>\n\t<\/div>\n\t<\/div><\/div><\/div><\/div><\/div><div class=\"wpb_column vc_column_container vc_col-sm-3\"><div class=\"vc_column-inner\"><div class=\"wpb_wrapper\"><\/div><\/div><\/div><\/div><\/div><div class=\"vc_row wpb_row vc_row-fluid edgtf-section edgtf-content-aligment-center edgtf-grid-section\" style=\"\"><div class=\"clearfix edgtf-section-inner\"><div class=\"edgtf-section-inner-margin clearfix\"><div class=\"wpb_column vc_column_container vc_col-sm-2\"><div class=\"vc_column-inner\"><div class=\"wpb_wrapper\"><\/div><\/div><\/div><div class=\"wpb_column vc_column_container vc_col-sm-8\"><div class=\"vc_column-inner vc_custom_1713809853897\"><div class=\"wpb_wrapper\">\n\t<div class=\"wpb_text_column wpb_content_element\" >\n\t\t<div class=\"wpb_wrapper\">\n\t\t\t<h5 style=\"text-align: center;\">\"Je cr\u00e9e des illustrations dans une recherche de profondeur, d'\u00e9quilibre, d'esth\u00e9tique et l'expression d'\u00e9motions \u00e0 travers la couleur. J'explore et m'inspire des diverses repr\u00e9sentations de notre r\u00e9alit\u00e9 dans l'art, les films, les mythes, les histoires, les r\u00eaves, les visions et les symboles. Je cherche \u00e0 cr\u00e9er des images qui nous font du bien, et auxquelles nous pouvons tous nous identifier et appr\u00e9cier.\"<\/h5>\n\n\t\t<\/div>\n\t<\/div>\n<div class=\"vc_empty_space\"   style=\"height: 50px\"><span class=\"vc_empty_space_inner\"><\/span><\/div><div class=\"vc_separator wpb_content_element vc_separator_align_center vc_sep_width_40 vc_sep_pos_align_center vc_sep_color_mulled_wine wpb_content_element\" ><span class=\"vc_sep_holder vc_sep_holder_l\"><span class=\"vc_sep_line\"><\/span><\/span><span class=\"vc_sep_holder vc_sep_holder_r\"><span class=\"vc_sep_line\"><\/span><\/span>\n<\/div><\/div><\/div><\/div><div class=\"wpb_column vc_column_container vc_col-sm-2\"><div class=\"vc_column-inner\"><div class=\"wpb_wrapper\"><\/div><\/div><\/div><\/div><\/div><\/div><div class=\"vc_row wpb_row vc_row-fluid edgtf-section vc_custom_1638373305638 edgtf-content-aligment-center\" style=\"\"><div class=\"clearfix edgtf-full-section-inner\"><div class=\"wpb_column vc_column_container vc_col-sm-3\"><div class=\"vc_column-inner\"><div class=\"wpb_wrapper\"><\/div><\/div><\/div><div class=\"wpb_column vc_column_container vc_col-sm-6\"><div class=\"vc_column-inner\"><div class=\"wpb_wrapper\"><div class=\"vc_empty_space\"   style=\"height: 70px\"><span class=\"vc_empty_space_inner\"><\/span><\/div>\n<div class=\"edgtf-custom-font-holder\" style=\"font-family: Lato;font-size: 40px;line-height: 10px;font-weight: 300;letter-spacing: 1px;text-align: left\" data-font-size= \"40\" data-line-height= \"10\">\n\tCLIENTS\t<\/div><div class=\"vc_empty_space\"   style=\"height: 40px\"><span class=\"vc_empty_space_inner\"><\/span><\/div>\n\t<div  class=\"wpb_single_image wpb_content_element vc_align_left wpb_content_element\">\n\t\t\n\t\t<figure class=\"wpb_wrapper vc_figure\">\n\t\t\t<div class=\"vc_single_image-wrapper   vc_box_border_grey\"><img loading=\"lazy\" decoding=\"async\" width=\"835\" height=\"303\" src=\"https:\/\/maiteleon.com\/wp-content\/uploads\/2025\/01\/ABOUT-logos-ML@.jpg\" class=\"vc_single_image-img attachment-full\" alt=\"\" title=\"ABOUT-logos-ML@\" srcset=\"https:\/\/maiteleon.com\/wp-content\/uploads\/2025\/01\/ABOUT-logos-ML@.jpg 835w, https:\/\/maiteleon.com\/wp-content\/uploads\/2025\/01\/ABOUT-logos-ML@-300x109.jpg 300w, https:\/\/maiteleon.com\/wp-content\/uploads\/2025\/01\/ABOUT-logos-ML@-768x279.jpg 768w, https:\/\/maiteleon.com\/wp-content\/uploads\/2025\/01\/ABOUT-logos-ML@-18x7.jpg 18w, https:\/\/maiteleon.com\/wp-content\/uploads\/2025\/01\/ABOUT-logos-ML@-600x218.jpg 600w\" sizes=\"auto, (max-width: 835px) 100vw, 835px\" \/><\/div>\n\t\t<\/figure>\n\t<\/div>\n<\/div><\/div><\/div><div class=\"wpb_column vc_column_container vc_col-sm-3\"><div class=\"vc_column-inner\"><div class=\"wpb_wrapper\"><\/div><\/div><\/div><\/div><\/div><div class=\"vc_row wpb_row vc_row-fluid edgtf-section edgtf-content-aligment-center edgtf-grid-section\" style=\"\"><div class=\"clearfix edgtf-section-inner\"><div class=\"edgtf-section-inner-margin clearfix\"><div class=\"wpb_column vc_column_container vc_col-sm-2\"><div class=\"vc_column-inner\"><div class=\"wpb_wrapper\"><\/div><\/div><\/div><div class=\"wpb_column vc_column_container vc_col-sm-8\"><div class=\"vc_column-inner vc_custom_1713809853897\"><div class=\"wpb_wrapper\"><div class=\"vc_separator wpb_content_element vc_separator_align_center vc_sep_width_40 vc_sep_pos_align_center vc_sep_color_mulled_wine wpb_content_element\" ><span class=\"vc_sep_holder vc_sep_holder_l\"><span class=\"vc_sep_line\"><\/span><\/span><span class=\"vc_sep_holder vc_sep_holder_r\"><span class=\"vc_sep_line\"><\/span><\/span>\n<\/div><div class=\"vc_empty_space\"   style=\"height: 50px\"><span class=\"vc_empty_space_inner\"><\/span><\/div>\n\t<div class=\"wpb_text_column wpb_content_element\" >\n\t\t<div class=\"wpb_wrapper\">\n\t\t\t<p>Maite Leon<span style=\"font-weight: 400;\"> est une artiste franco-grecque qui vit et travaille \u00e0 Paris, France.<\/span><\/p>\n<p><span style=\"font-weight: 400;\">Apr\u00e8s des \u00e9tudes linguistique \u00e0 Paris X et de communication visuelle \u00e0 l'\u00c9cole Duperr\u00e9, elle a travaill\u00e9 dans divers secteurs cr\u00e9atifs : chez Sony Music, Disney Interactive Studios ainsi que dans l'\u00e9dition. Pendant plus de dix ans, elle a collabor\u00e9 avec le dessinateur de presse Plantu au journal <\/span><i><span style=\"font-weight: 400;\">Le Monde,<\/span><\/i><span style=\"font-weight: 400;\"> co-\u00e9crit plusieurs recueils de dessins de presse et archiv\u00e9 sa collection de 30 000 dessins originaux, aujourd'hui conserv\u00e9s \u00e0 la Biblioth\u00e8que nationale de France.<\/span><\/p>\n<p><span style=\"font-weight: 400;\">Son travail figuratif et symbolique m\u00eale surr\u00e9alisme et imagerie pop pour r\u00e9v\u00e9ler la beaut\u00e9 du quotidien et inviter \u00e0 r\u00e9fl\u00e9chir sur notre perception de la r\u00e9alit\u00e9. S'inspirant de la mythologie grecque, du cin\u00e9ma, des r\u00eaves et de la nature humaine, elle cherche \u00e0 cr\u00e9er une r\u00e9sonance \u00e9motionnelle universelle de par son regard multiculturel.<\/span><\/p>\n<p><span style=\"font-weight: 400;\">Son travail est \u00e0 la fois traditionnel et num\u00e9rique. Elle combine des croquis au crayon, des textures \u00e0 l'encre et \u00e0 l'aquarelle, ainsi que des techniques num\u00e9riques pour produire des compositions vibrantes.<\/span><\/p>\n\n\t\t<\/div>\n\t<\/div>\n<div class=\"vc_empty_space\"   style=\"height: 52px\"><span class=\"vc_empty_space_inner\"><\/span><\/div><div class=\"vc_separator wpb_content_element vc_separator_align_center vc_sep_width_40 vc_sep_pos_align_center vc_sep_color_mulled_wine wpb_content_element\" ><span class=\"vc_sep_holder vc_sep_holder_l\"><span class=\"vc_sep_line\"><\/span><\/span><span class=\"vc_sep_holder vc_sep_holder_r\"><span class=\"vc_sep_line\"><\/span><\/span>\n<\/div><div class=\"vc_empty_space\"   style=\"height: 32px\"><span class=\"vc_empty_space_inner\"><\/span><\/div><\/div><\/div><\/div><div class=\"wpb_column vc_column_container vc_col-sm-2\"><div class=\"vc_column-inner\"><div class=\"wpb_wrapper\"><\/div><\/div><\/div><\/div><\/div><\/div><div class=\"vc_row wpb_row vc_row-fluid edgtf-section edgtf-content-aligment-left\" style=\"\"><div class=\"clearfix edgtf-full-section-inner\"><div class=\"wpb_column vc_column_container vc_col-sm-3\"><div class=\"vc_column-inner\"><div class=\"wpb_wrapper\"><\/div><\/div><\/div><div class=\"wpb_column vc_column_container vc_col-sm-6\"><div class=\"vc_column-inner\"><div class=\"wpb_wrapper\"><div class=\"vc_empty_space\"   style=\"height: 70px\"><span class=\"vc_empty_space_inner\"><\/span><\/div>\n<div class=\"edgtf-custom-font-holder\" style=\"font-family: Lato;font-size: 40px;line-height: 40px;font-weight: 300;letter-spacing: 1px;text-align: left\" data-font-size= \"40\" data-line-height= \"40\">\n\tR\u00c9COMPENSES\t<\/div><div class=\"vc_empty_space\"   style=\"height: 32px\"><span class=\"vc_empty_space_inner\"><\/span><\/div>\n\t<div class=\"wpb_text_column wpb_content_element\" >\n\t\t<div class=\"wpb_wrapper\">\n\t\t\t<p><strong>2025<\/strong><br \/>\n3\u00d73 International illustration Award, Mention Honorable<\/p>\n\n\t\t<\/div>\n\t<\/div>\n<div class=\"vc_empty_space\"   style=\"height: 70px\"><span class=\"vc_empty_space_inner\"><\/span><\/div>\n<div class=\"edgtf-custom-font-holder\" style=\"font-family: Lato;font-size: 40px;line-height: 40px;font-weight: 300;letter-spacing: 1px;text-align: left\" data-font-size= \"40\" data-line-height= \"40\">\n\tPROJETS \/ R\u00c9SIDENCES\t<\/div><div class=\"vc_empty_space\"   style=\"height: 32px\"><span class=\"vc_empty_space_inner\"><\/span><\/div>\n\t<div class=\"wpb_text_column wpb_content_element\" >\n\t\t<div class=\"wpb_wrapper\">\n\t\t\t<p><strong>2026<\/strong><br \/>\n<em>Orientation day art lecturer at Forum des Images\/Tumo<\/em>, (Paris)<br \/>\n<em>Galerie Openbach<\/em>, Summer Art residency 2026 (July), (Vincennes)<br \/>\n\u00c0 la <em>\"Galerie des Voisins\" <\/em>with Expos to Day at Franprix Condorcet (Paris 17e), Franprix Belgrand (Paris 20e), Franprix Victor-Hugo (Paris 16e), Franprix Pantin (93), Franprix Simon Bolivar (Paris 18e)<\/p>\n<p><strong>2025<\/strong><br \/>\n<em>Galerie Openbach<\/em>, R\u00e9sidence d'\u00e9t\u00e9 2025 (Juin), (Vincennes)<br \/>\nDotation Portrait Photo, ADAGP<br \/>\nProgramme de mentorat avec le Forum des Images et l'ESRA (6 mois)<br \/>\n\u00c0 la <em>\"Galerie des Voisins\" <\/em>with Expos to Day at Franprix Condorcet (Paris 17e) and Franprix Belgrand (Paris 20e)<\/p>\n<p><strong>2024<\/strong><br \/>\n\u00c0 la <em>\"Galerie des Voisins\" <\/em>avec Expos to Day au Franprix Condorcet 17e (FR)<br \/>\n\u00c0 la<em> \"Galerie des Voisins\" <\/em>avec Expos to Day au Franprix Condorcet 20e (FR)<br \/>\n<em>Galerie Openbach<\/em>, R\u00e9sidence d'\u00e9t\u00e9 2024 (Mai-Juin), (Vincennes)<br \/>\n<strong>2023 <\/strong><em>Miroir-Miroirs<\/em>, Projet d'autoportraits en ligne initi\u00e9 par l'artiste Magali Cazo, (Paris)<\/p>\n\n\t\t<\/div>\n\t<\/div>\n<div class=\"vc_empty_space\"   style=\"height: 70px\"><span class=\"vc_empty_space_inner\"><\/span><\/div>\n<div class=\"edgtf-custom-font-holder\" style=\"font-family: Lato;font-size: 40px;line-height: 10px;font-weight: 300;letter-spacing: 1px;text-align: left\" data-font-size= \"40\" data-line-height= \"10\">\n\tINTERVIEWS\t<\/div><div class=\"vc_empty_space\"   style=\"height: 32px\"><span class=\"vc_empty_space_inner\"><\/span><\/div>\n\t<div class=\"wpb_text_column wpb_content_element\" >\n\t\t<div class=\"wpb_wrapper\">\n\t\t\t<p><a href=\"https:\/\/www.paris.fr\/evenements\/exposition-le-temps-des-reves-au-centre-paris-anim-maurice-ravel-76897\"><strong>Que faire \u00e0 Paris Exposition Le Temps des R\u00eaves au Centre Paris Anim&#8217; Maurice Ravel<\/strong><strong>, 202<\/strong><strong>4<\/strong><\/a><\/p>\n\n\t\t<\/div>\n\t<\/div>\n\n\t<div class=\"wpb_text_column wpb_content_element\" >\n\t\t<div class=\"wpb_wrapper\">\n\t\t\t<p><a href=\"https:\/\/animravel.aniapp.fr\/actualites\/22\"><strong>CPA Maurice Ravel Le Temps des R\u00eaves : l&#8217;exposition qui va vous faire r\u00eave<\/strong><strong>r<\/strong><strong>, 202<\/strong><strong>4<\/strong><\/a><\/p>\n\n\t\t<\/div>\n\t<\/div>\n\n\t<div class=\"wpb_text_column wpb_content_element\" >\n\t\t<div class=\"wpb_wrapper\">\n\t\t\t<p><a href=\"https:\/\/monpetit20e.com\/franprix-teste-un-nouveau-format-de-magasin-place-edith-piaf-dans-le-20e-arrondissement-de-paris\/\" target=\"_blank\" rel=\"noopener\"><strong>Maite Leon<\/strong><strong> expose au Franprix de la rue Belgrand, 202<\/strong><strong>4<\/strong><\/a><\/p>\n\n\t\t<\/div>\n\t<\/div>\n\n\t<div class=\"wpb_text_column wpb_content_element\" >\n\t\t<div class=\"wpb_wrapper\">\n\t\t\t<p><a href=\"https:\/\/maiteleon.com\/fr\/cross-interview-maite-leon-flowink-myst\/\"><strong>Interview crois\u00e9e Mait\u00e9 L\u00e9on + Flowink Myst<\/strong><strong>, 202<\/strong><strong>4<\/strong><\/a><\/p>\n\n\t\t<\/div>\n\t<\/div>\n\n\t<div class=\"wpb_text_column wpb_content_element\" >\n\t\t<div class=\"wpb_wrapper\">\n\t\t\t<p><a href=\"https:\/\/laviecreativepodcast.com\/2024\/03\/12\/illustrating-dreams-a-look-at-maite-leons-vibrant-and-imaginative-art\/\"><strong>La Vie Cr\u00e9ative Podcast<\/strong><strong>, 202<\/strong><strong>4<\/strong><\/a><\/p>\n\n\t\t<\/div>\n\t<\/div>\n\n\t<div class=\"wpb_text_column wpb_content_element\" >\n\t\t<div class=\"wpb_wrapper\">\n\t\t\t<p><a href=\"https:\/\/www.culturactu.com\/pages\/a-voir\/expo-salons\/maite-leon-artiste-dans-l-ame.html\"><strong>Culture Actu, 2021<\/strong><\/a><\/p>\n\n\t\t<\/div>\n\t<\/div>\n<div class=\"vc_empty_space\"   style=\"height: 70px\"><span class=\"vc_empty_space_inner\"><\/span><\/div>\n<div class=\"edgtf-custom-font-holder\" style=\"font-family: Lato;font-size: 40px;line-height: 10px;font-weight: 300;letter-spacing: 1px;text-align: left\" data-font-size= \"40\" data-line-height= \"10\">\n\tEXPOSITIONS\t<\/div><div class=\"vc_empty_space\"   style=\"height: 32px\"><span class=\"vc_empty_space_inner\"><\/span><\/div>\n\t<div class=\"wpb_text_column wpb_content_element\" >\n\t\t<div class=\"wpb_wrapper\">\n\t\t\t<p><strong>2026<\/strong><br \/>\nExposition des r\u00e9sidents d'\u00e9t\u00e9, galerie Openbach  (Vincennes, FR)<\/p>\n<p><strong>2025<br \/>\n<\/strong><em>Nos Corps Dessin\u00e9s<\/em> exposition, galerie Openbach (Vincennes, FR)<br \/>\nExhibition at the Botanical Garden House of the <i>Parc Floral<\/i> (Vincennes, FR)<br \/>\nExposition des r\u00e9sidents d'\u00e9t\u00e9, galerie Openbach  (Vincennes, FR)<strong><br \/>\n<\/strong><\/p>\n<p><strong>2024<br \/>\n<\/strong><em>Le Temps des R\u00eaves<\/em>, Centre Paris Anim&#8217; Maurice Ravel (Paris 12e)<em><br \/>\nArtistic Card Game (ATCG)<\/em>exposition, galerie Openbach (Vincennes, FR)<em><br \/>\n<\/em>Exposition des r\u00e9sidents d'\u00e9t\u00e9, galerie Openbach  (Vincennes, FR)<br \/>\n<em>Art &amp; Sport<\/em>\u00a0exposition virtuelle avec la Maison des Artistes pour les J.O. (FR)<\/p>\n<p><strong>2022<\/strong><br \/>\n<em>Beaux-Arts : L&#8217;Objet<\/em>, Espace Culturel Gabriel, Viry-Chatillon (FR)<br \/>\nPortes Ouvertes des Ateliers d&#8217;artistes de M\u00e9nilmontant, Paris (FR)<br \/>\n<em>Visions of Forced Labour<\/em>, Palais des Nations Unies Gen\u00e8ve, Suisse (CH)<br \/>\nConservatoire Municipal Georges Bizet, Paris (FR)<\/p>\n<p><strong>2012-2019 <\/strong>Portes Ouvertes des Ateliers d&#8217;artistes de M\u00e9nilmontant, Paris (FR)<br \/>\n<strong>2010<\/strong> Small formats in New York, The Art Gallery (US)<br \/>\n<strong>2009<\/strong> Salon Art Shopping, Carrousel du Louvre (FR)<\/p>\n\n\t\t<\/div>\n\t<\/div>\n<div class=\"vc_empty_space\"   style=\"height: 70px\"><span class=\"vc_empty_space_inner\"><\/span><\/div>\n<div class=\"edgtf-custom-font-holder\" style=\"font-family: Lato;font-size: 40px;line-height: 10px;font-weight: 300;letter-spacing: 1px;text-align: left\" data-font-size= \"40\" data-line-height= \"10\">\n\tMEMBRE DE :\t<\/div><div class=\"vc_empty_space\"   style=\"height: 32px\"><span class=\"vc_empty_space_inner\"><\/span><\/div>\n\t<div class=\"wpb_text_column wpb_content_element\" >\n\t\t<div class=\"wpb_wrapper\">\n\t\t\t<p>La Maison des Artistes \/ <a href=\"https:\/\/www.artistescontemporains.org\/artistes\/33208\/\">Artistes Contemporains<\/a> \/ ADAGP \/ <a href=\"https:\/\/www.ataa.fr\/annuaire\/maiteleon#oeuvres\">ATAA<\/a><\/p>\n\n\t\t<\/div>\n\t<\/div>\n<div class=\"vc_empty_space\"   style=\"height: 70px\"><span class=\"vc_empty_space_inner\"><\/span><\/div><\/div><\/div><\/div><div class=\"wpb_column vc_column_container vc_col-sm-3\"><div class=\"vc_column-inner\"><div class=\"wpb_wrapper\"><\/div><\/div><\/div><\/div><\/div><div class=\"vc_row wpb_row vc_row-fluid edgtf-section vc_custom_1638373305638 edgtf-content-aligment-center\" style=\"\"><div class=\"clearfix edgtf-full-section-inner\"><div class=\"wpb_column vc_column_container vc_col-sm-3\"><div class=\"vc_column-inner\"><div class=\"wpb_wrapper\"><\/div><\/div><\/div><div class=\"wpb_column vc_column_container vc_col-sm-9\"><div class=\"vc_column-inner\"><div class=\"wpb_wrapper\">\n<div class=\"edgtf-custom-font-holder\" style=\"font-family: Lato;font-size: 40px;line-height: 10px;font-weight: 300;letter-spacing: 1px;text-align: left\" data-font-size= \"40\" data-line-height= \"10\">\n\tT\u00c9MOIGNAGES\t<\/div><div class=\"vc_empty_space\"   style=\"height: 40px\"><span class=\"vc_empty_space_inner\"><\/span><\/div><div class=\"edgtf-scroll-slider\">\n\t<div class=\"edgtf-scs-inner\">\n\t\t\t\t\t<div class=\"edgtf-scs-item\">\n\t\t\t\t<div class=\"edgtf-scs-item-inner\">\n\t\t\t\t\t\t\t\t\t\t\t\t\t\t\t\t\t\t<img loading=\"lazy\" decoding=\"async\" src=\"https:\/\/maiteleon.com\/wp-content\/uploads\/2023\/11\/TESTIMONIAL-NICOLAI-FROEHLICH-FR@.jpg\" alt=\"\" width=\"500\" height=\"500\" \/>\t\t\t\t\t\t\t\t\t\t\t\t\t\t\t\t\t\t\t\t<\/div>\n\t\t\t<\/div>\n\t\t\t\t\t<div class=\"edgtf-scs-item\">\n\t\t\t\t<div class=\"edgtf-scs-item-inner\">\n\t\t\t\t\t\t\t\t\t\t\t\t\t\t\t\t\t\t<img loading=\"lazy\" decoding=\"async\" src=\"https:\/\/maiteleon.com\/wp-content\/uploads\/2023\/11\/TESTIMONIAL-PLANTU-FR@.jpg\" alt=\"TESTIMONIAL-PLANTU\" width=\"500\" height=\"500\" \/>\t\t\t\t\t\t\t\t\t\t\t\t\t\t\t\t\t\t\t\t<\/div>\n\t\t\t<\/div>\n\t\t\t\t\t<div class=\"edgtf-scs-item\">\n\t\t\t\t<div class=\"edgtf-scs-item-inner\">\n\t\t\t\t\t\t\t\t\t\t\t\t\t\t\t\t\t\t<img loading=\"lazy\" decoding=\"async\" src=\"https:\/\/maiteleon.com\/wp-content\/uploads\/2023\/11\/TESTIMONIAL-NICHOLAS-STEVENSON-FR@.jpg\" alt=\"TESTIMONIAL-NICHOLAS-STEVENSON\" width=\"500\" height=\"500\" \/>\t\t\t\t\t\t\t\t\t\t\t\t\t\t\t\t\t\t\t\t<\/div>\n\t\t\t<\/div>\n\t\t\t<\/div>\n\t<\/div>\n<div class=\"vc_empty_space\"   style=\"height: 70px\"><span class=\"vc_empty_space_inner\"><\/span><\/div><\/div><\/div><\/div><\/div><\/div><div class=\"wpb_column vc_column_container vc_col-sm-12\"><div class=\"vc_column-inner\"><div class=\"wpb_wrapper\"><div class=\"vc_empty_space\"   style=\"height: 70px\"><span class=\"vc_empty_space_inner\"><\/span><\/div><\/div><\/div><\/div>\n<\/div>","protected":false},"excerpt":{"rendered":"contact(at)maiteleon(dot)com \"I create illustrations in a search of depth, balance, aesthetic and expressing vibrant emotions through colors. I explore and get inspired by the various...","protected":false},"author":1,"featured_media":0,"parent":0,"menu_order":11,"comment_status":"closed","ping_status":"open","template":"full-width.php","meta":{"footnotes":""},"class_list":["post-5149","page","type-page","status-publish","hentry"],"_links":{"self":[{"href":"https:\/\/maiteleon.com\/fr\/wp-json\/wp\/v2\/pages\/5149","targetHints":{"allow":["GET"]}}],"collection":[{"href":"https:\/\/maiteleon.com\/fr\/wp-json\/wp\/v2\/pages"}],"about":[{"href":"https:\/\/maiteleon.com\/fr\/wp-json\/wp\/v2\/types\/page"}],"author":[{"embeddable":true,"href":"https:\/\/maiteleon.com\/fr\/wp-json\/wp\/v2\/users\/1"}],"replies":[{"embeddable":true,"href":"https:\/\/maiteleon.com\/fr\/wp-json\/wp\/v2\/comments?post=5149"}],"version-history":[{"count":1,"href":"https:\/\/maiteleon.com\/fr\/wp-json\/wp\/v2\/pages\/5149\/revisions"}],"predecessor-version":[{"id":8511,"href":"https:\/\/maiteleon.com\/fr\/wp-json\/wp\/v2\/pages\/5149\/revisions\/8511"}],"wp:attachment":[{"href":"https:\/\/maiteleon.com\/fr\/wp-json\/wp\/v2\/media?parent=5149"}],"curies":[{"name":"wp","href":"https:\/\/api.w.org\/{rel}","templated":true}]}}