{"id":5747,"date":"2022-03-28T13:41:57","date_gmt":"2022-03-28T11:41:57","guid":{"rendered":"https:\/\/maiteleon.com\/?post_type=product&#038;p=5747"},"modified":"2023-03-13T13:15:08","modified_gmt":"2023-03-13T12:15:08","slug":"opium","status":"publish","type":"product","link":"https:\/\/maiteleon.com\/fr\/produit\/opium\/","title":{"rendered":"OPIUM"},"content":{"rendered":"<p>Gicl\u00e9e prints are Fine Art prints on acid-free IFA 22 cotton archival paper, with archival-quality pigment-based inks to produce accurate, long-lasting colours.<\/p>\n<p>Exp\u00e9dition dans un d\u00e9lai de 1 \u00e0 2 semaines\n(jours ouvrables) \u00e0 compter de la date d'achat, selon le pays. Toutes les commandes sont fournies avec un num\u00e9ro de suivi et soigneusement emball\u00e9es dans un tube triangulaire rigide en carton.\nLes frais d'exp\u00e9dition comprennent les co\u00fbts d'emballage et de livraison.<\/p>","protected":false},"excerpt":{"rendered":"<p>Format : 50 x 70 cm<\/p>\n<p>Tirage pigmentaire Fine Art sur papier qualit\u00e9 archive 315 g.<\/p>\n<p>\u00c9dition limit\u00e9e \u00e0 30 ex.<br \/>\nSign\u00e9 et num\u00e9rot\u00e9<br \/>\nSans cadre<\/p>","protected":false},"featured_media":6315,"comment_status":"open","ping_status":"closed","template":"","meta":[],"product_brand":[],"product_cat":[536,135],"product_tag":[537,507,547,506,510,511],"class_list":{"0":"post-5747","1":"product","2":"type-product","3":"status-publish","4":"has-post-thumbnail","6":"product_cat-50x70-cm","7":"product_cat-fine-art-print-30-ex","8":"product_tag-50x70cm","9":"product_tag-fine-art","10":"product_tag-numbered","11":"product_tag-prints","12":"product_tag-signed","13":"product_tag-unframed","15":"first","16":"instock","17":"featured","18":"sold-individually","19":"purchasable","20":"product-type-simple"},"_links":{"self":[{"href":"https:\/\/maiteleon.com\/fr\/wp-json\/wp\/v2\/product\/5747","targetHints":{"allow":["GET"]}}],"collection":[{"href":"https:\/\/maiteleon.com\/fr\/wp-json\/wp\/v2\/product"}],"about":[{"href":"https:\/\/maiteleon.com\/fr\/wp-json\/wp\/v2\/types\/product"}],"replies":[{"embeddable":true,"href":"https:\/\/maiteleon.com\/fr\/wp-json\/wp\/v2\/comments?post=5747"}],"wp:featuredmedia":[{"embeddable":true,"href":"https:\/\/maiteleon.com\/fr\/wp-json\/wp\/v2\/media\/6315"}],"wp:attachment":[{"href":"https:\/\/maiteleon.com\/fr\/wp-json\/wp\/v2\/media?parent=5747"}],"wp:term":[{"taxonomy":"product_brand","embeddable":true,"href":"https:\/\/maiteleon.com\/fr\/wp-json\/wp\/v2\/product_brand?post=5747"},{"taxonomy":"product_cat","embeddable":true,"href":"https:\/\/maiteleon.com\/fr\/wp-json\/wp\/v2\/product_cat?post=5747"},{"taxonomy":"product_tag","embeddable":true,"href":"https:\/\/maiteleon.com\/fr\/wp-json\/wp\/v2\/product_tag?post=5747"}],"curies":[{"name":"wp","href":"https:\/\/api.w.org\/{rel}","templated":true}]}}