{"id":6431,"date":"2022-12-01T15:08:23","date_gmt":"2022-12-01T14:08:23","guid":{"rendered":"https:\/\/maiteleon.com\/?post_type=product&#038;p=6431"},"modified":"2026-03-09T20:21:28","modified_gmt":"2026-03-09T19:21:28","slug":"summer-bug","status":"publish","type":"product","link":"https:\/\/maiteleon.com\/fr\/produit\/summer-bug\/","title":{"rendered":"L'\u00c9T\u00c9 GREC"},"content":{"rendered":"<p>Cette composition a \u00e9t\u00e9 inspir\u00e9e par un voyage d'\u00e9t\u00e9 en Gr\u00e8ce et par la pr\u00e9sence d'une sauterelle impressionnante sur un mur blanc blanchi \u00e0 la chaux.<br \/>\n\u2022<br \/>\nLes tirages pigmentaires sont imprim\u00e9s sur du papier IFA 22 coton qualit\u00e9 archive, avec des pigments de haute qualit\u00e9 pour une r\u00e9sistance optimale dans le temps et \u00e0 la lumi\u00e8re.<\/p>\n<p>Exp\u00e9dition dans un d\u00e9lai de 1 \u00e0 2 semaines\n(jours ouvrables) \u00e0 compter de la date d'achat, selon le pays. Toutes les commandes sont fournies avec un num\u00e9ro de suivi et soigneusement emball\u00e9es dans un tube triangulaire rigide en carton.\nLes frais d'exp\u00e9dition comprennent les co\u00fbts d'emballage et de livraison.<\/p>","protected":false},"excerpt":{"rendered":"<p>Format : 50 x 70 cm<\/p>\n<p>Tirage pigmentaire Fine Art sur papier qualit\u00e9 archive 315 g.<\/p>\n<p>\u00c9dition limit\u00e9e \u00e0 15 exemplaires<br \/>\nSign\u00e9 et num\u00e9rot\u00e9<br \/>\nSans cadre<br \/>\nCertificat d'authenticit\u00e9<\/p>","protected":false},"featured_media":6906,"comment_status":"open","ping_status":"closed","template":"","meta":[],"product_brand":[],"product_cat":[536,617],"product_tag":[537,507,547,506,510,511],"class_list":{"0":"post-6431","1":"product","2":"type-product","3":"status-publish","4":"has-post-thumbnail","6":"product_cat-50x70-cm","7":"product_cat-fine-art-print-15ex","8":"product_tag-50x70cm","9":"product_tag-fine-art","10":"product_tag-numbered","11":"product_tag-prints","12":"product_tag-signed","13":"product_tag-unframed","15":"first","16":"instock","17":"featured","18":"sold-individually","19":"purchasable","20":"product-type-simple"},"_links":{"self":[{"href":"https:\/\/maiteleon.com\/fr\/wp-json\/wp\/v2\/product\/6431","targetHints":{"allow":["GET"]}}],"collection":[{"href":"https:\/\/maiteleon.com\/fr\/wp-json\/wp\/v2\/product"}],"about":[{"href":"https:\/\/maiteleon.com\/fr\/wp-json\/wp\/v2\/types\/product"}],"replies":[{"embeddable":true,"href":"https:\/\/maiteleon.com\/fr\/wp-json\/wp\/v2\/comments?post=6431"}],"wp:featuredmedia":[{"embeddable":true,"href":"https:\/\/maiteleon.com\/fr\/wp-json\/wp\/v2\/media\/6906"}],"wp:attachment":[{"href":"https:\/\/maiteleon.com\/fr\/wp-json\/wp\/v2\/media?parent=6431"}],"wp:term":[{"taxonomy":"product_brand","embeddable":true,"href":"https:\/\/maiteleon.com\/fr\/wp-json\/wp\/v2\/product_brand?post=6431"},{"taxonomy":"product_cat","embeddable":true,"href":"https:\/\/maiteleon.com\/fr\/wp-json\/wp\/v2\/product_cat?post=6431"},{"taxonomy":"product_tag","embeddable":true,"href":"https:\/\/maiteleon.com\/fr\/wp-json\/wp\/v2\/product_tag?post=6431"}],"curies":[{"name":"wp","href":"https:\/\/api.w.org\/{rel}","templated":true}]}}