{"id":7415,"date":"2023-11-09T18:42:46","date_gmt":"2023-11-09T17:42:46","guid":{"rendered":"https:\/\/maiteleon.com\/?post_type=product&#038;p=7415"},"modified":"2025-01-13T22:16:06","modified_gmt":"2025-01-13T21:16:06","slug":"dreams-nightmares-artist-booklet-in-french","status":"publish","type":"product","link":"https:\/\/maiteleon.com\/fr\/produit\/dreams-nightmares-artist-booklet-in-french\/","title":{"rendered":"R\u00eaves &amp; Cauchemars Livret d'artiste"},"content":{"rendered":"<p>Livret d'artiste sur les R\u00eaves &amp; Cauchemars, en \u00e9dition limit\u00e9e et sign\u00e9e par Mait\u00e9 L\u00e9on. 21x21 cm, 30 pages. \u00c9galement disponible en format num\u00e9rique. T\u00e9l\u00e9chargez <a href=\"https:\/\/maiteleon.com\/wp-content\/uploads\/2023\/11\/DP-Maite-Leon-Reves-et-Cauchemars@.pdf\">le dossier de presse<\/a>.<\/p>","protected":false},"excerpt":{"rendered":"<p>Livret d'artiste sur les R\u00eaves &amp; Cauchemars. \u00c9dition limit\u00e9e et sign\u00e9e de 50 ex. Format 21 x 21 cm, 30 pages. \u00c9galement disponible en version digitale.<\/p>\n<p>Livret en Fran\u00e7ais<\/p>\n<p>T\u00e9l\u00e9chargez <a href=\"https:\/\/maiteleon.com\/wp-content\/uploads\/2023\/11\/DP-Maite-Leon-Reves-et-Cauchemars@.pdf\">le dossier de presse<\/a>.<\/p>","protected":false},"featured_media":7526,"comment_status":"open","ping_status":"closed","template":"","meta":[],"product_brand":[],"product_cat":[132,756],"product_tag":[758,760,759,762,761,510],"class_list":{"0":"post-7415","1":"product","2":"type-product","3":"status-publish","4":"has-post-thumbnail","6":"product_cat-book","7":"product_cat-e-book","8":"product_tag-booklet","9":"product_tag-dreams","10":"product_tag-e-book","11":"product_tag-limited-edition","12":"product_tag-nightmares","13":"product_tag-signed","15":"first","16":"instock","17":"featured","18":"sold-individually","19":"taxable","20":"shipping-taxable","21":"purchasable","22":"product-type-variable","23":"has-default-attributes"},"_links":{"self":[{"href":"https:\/\/maiteleon.com\/fr\/wp-json\/wp\/v2\/product\/7415","targetHints":{"allow":["GET"]}}],"collection":[{"href":"https:\/\/maiteleon.com\/fr\/wp-json\/wp\/v2\/product"}],"about":[{"href":"https:\/\/maiteleon.com\/fr\/wp-json\/wp\/v2\/types\/product"}],"replies":[{"embeddable":true,"href":"https:\/\/maiteleon.com\/fr\/wp-json\/wp\/v2\/comments?post=7415"}],"wp:featuredmedia":[{"embeddable":true,"href":"https:\/\/maiteleon.com\/fr\/wp-json\/wp\/v2\/media\/7526"}],"wp:attachment":[{"href":"https:\/\/maiteleon.com\/fr\/wp-json\/wp\/v2\/media?parent=7415"}],"wp:term":[{"taxonomy":"product_brand","embeddable":true,"href":"https:\/\/maiteleon.com\/fr\/wp-json\/wp\/v2\/product_brand?post=7415"},{"taxonomy":"product_cat","embeddable":true,"href":"https:\/\/maiteleon.com\/fr\/wp-json\/wp\/v2\/product_cat?post=7415"},{"taxonomy":"product_tag","embeddable":true,"href":"https:\/\/maiteleon.com\/fr\/wp-json\/wp\/v2\/product_tag?post=7415"}],"curies":[{"name":"wp","href":"https:\/\/api.w.org\/{rel}","templated":true}]}}