{"id":7549,"date":"2023-11-30T13:57:03","date_gmt":"2023-11-30T12:57:03","guid":{"rendered":"https:\/\/maiteleon.com\/?post_type=product&#038;p=7549"},"modified":"2024-02-26T18:47:28","modified_gmt":"2024-02-26T17:47:28","slug":"a4-2024-wall-calendar-mythologies","status":"publish","type":"product","link":"https:\/\/maiteleon.com\/fr\/produit\/a4-2024-wall-calendar-mythologies\/","title":{"rendered":"Calendrier mural 2024 A4 \u2022 Mythologies"},"content":{"rendered":"<p>Calendrier mural A4 2024 \"Mythologies\" de Maite LEON, imprim\u00e9 sur papier non pellicul\u00e9 250 gr. \u00c9dition limit\u00e9e \u00e0 20 ex.<\/p>","protected":false},"excerpt":{"rendered":"<p>Calendrier mural A4 2024 \"Mythologies\" de Maite LEON, imprim\u00e9 sur papier non pellicul\u00e9 250 gr. \u00c9dition limit\u00e9e \u00e0 20 ex.<\/p>\n<p>Ce calendrier est le r\u00e9sultat du d\u00e9fi Inktober que j'ai fait sur Instagram en octobre 2023, mais avec un twist : je voulais cr\u00e9er des images li\u00e9es aux 31 mots du d\u00e9fi sous l'angle de la mythologie grecque. Mes recherches ont port\u00e9 sur des mythes connus mais aussi sur des divinit\u00e9s moins connues. Chaque image est accompagn\u00e9e d'un texte qui raconte le mythe. J'ai voulu limiter la palette de couleurs \u00e0 des nuances de bleu, rappelant le drapeau grec. C'est aussi un hommage \u00e0 mes anc\u00eatres grecs.<\/p>","protected":false},"featured_media":7551,"comment_status":"open","ping_status":"closed","template":"","meta":[],"product_brand":[],"product_cat":[778],"product_tag":[780,779,762,781],"class_list":{"0":"post-7549","1":"product","2":"type-product","3":"status-publish","4":"has-post-thumbnail","6":"product_cat-calendar","7":"product_tag-a4","8":"product_tag-calendar","9":"product_tag-limited-edition","10":"product_tag-mythologies","12":"first","13":"outofstock","14":"featured","15":"sold-individually","16":"purchasable","17":"product-type-simple"},"_links":{"self":[{"href":"https:\/\/maiteleon.com\/fr\/wp-json\/wp\/v2\/product\/7549","targetHints":{"allow":["GET"]}}],"collection":[{"href":"https:\/\/maiteleon.com\/fr\/wp-json\/wp\/v2\/product"}],"about":[{"href":"https:\/\/maiteleon.com\/fr\/wp-json\/wp\/v2\/types\/product"}],"replies":[{"embeddable":true,"href":"https:\/\/maiteleon.com\/fr\/wp-json\/wp\/v2\/comments?post=7549"}],"wp:featuredmedia":[{"embeddable":true,"href":"https:\/\/maiteleon.com\/fr\/wp-json\/wp\/v2\/media\/7551"}],"wp:attachment":[{"href":"https:\/\/maiteleon.com\/fr\/wp-json\/wp\/v2\/media?parent=7549"}],"wp:term":[{"taxonomy":"product_brand","embeddable":true,"href":"https:\/\/maiteleon.com\/fr\/wp-json\/wp\/v2\/product_brand?post=7549"},{"taxonomy":"product_cat","embeddable":true,"href":"https:\/\/maiteleon.com\/fr\/wp-json\/wp\/v2\/product_cat?post=7549"},{"taxonomy":"product_tag","embeddable":true,"href":"https:\/\/maiteleon.com\/fr\/wp-json\/wp\/v2\/product_tag?post=7549"}],"curies":[{"name":"wp","href":"https:\/\/api.w.org\/{rel}","templated":true}]}}