{"id":7617,"date":"2023-12-26T18:28:52","date_gmt":"2023-12-26T17:28:52","guid":{"rendered":"https:\/\/maiteleon.com\/?post_type=product&#038;p=7617"},"modified":"2023-12-26T19:16:27","modified_gmt":"2023-12-26T18:16:27","slug":"inner-landscape-sunrise","status":"publish","type":"product","link":"https:\/\/maiteleon.com\/fr\/produit\/inner-landscape-sunrise\/","title":{"rendered":"PAYSAGE INT\u00c9RIEUR (AUBE)"},"content":{"rendered":"<p>Les tirages pigmentaires sont imprim\u00e9s sur du papier IFA 22 coton qualit\u00e9 archive, avec des pigments de haute qualit\u00e9 pour une r\u00e9sistance optimale dans le temps et \u00e0 la lumi\u00e8re.<\/p>\n<p>Exp\u00e9dition dans un d\u00e9lai de 1 \u00e0 2 semaines\n(jours ouvrables) \u00e0 compter de la date d'achat, selon le pays. Toutes les commandes sont fournies avec un num\u00e9ro de suivi et soigneusement emball\u00e9es dans un tube triangulaire rigide en carton.\nLes frais d'exp\u00e9dition comprennent les co\u00fbts d'emballage et de livraison.<\/p>","protected":false},"excerpt":{"rendered":"<p>Cette \u0153uvre d\u00e9crit \u00e0 la fois un paysage ext\u00e9rieur et un paysage int\u00e9rieur. Elle repr\u00e9sente la mise en image d'un changement de vie amorc\u00e9 apr\u00e8s la pand\u00e9mie, et qui a men\u00e9 l'artiste \u00e0 une carri\u00e8re professionnelle consacr\u00e9e au dessin et \u00e0 l'illustration. Par l'usage d'une palette color\u00e9e proche de celle du prisme de la lumi\u00e8re, elle invite le spectateur \u00e0 partager sa vision du monde dans son essence \u00e0 la fois merveilleuse et sa dimension originelle. Ces aspects que nous oublions si souvent, happ\u00e9s par la morosit\u00e9 des images anxiog\u00e8nes v\u00e9hicul\u00e9es par nos m\u00e9dias. Apprenons \u00e0 regarder le monde avec les yeux du c\u0153ur.<\/p>\n<p>Format : 50 x 70 cm<\/p>\n<p>Tirage pigmentaire Fine Art sur papier qualit\u00e9 archive 315 g.<\/p>\n<p>\u00c9dition d'art limit\u00e9e<br \/>\nSign\u00e9 et num\u00e9rot\u00e9<br \/>\nVendu sans cadre<br \/>\nCertificat d'authenticit\u00e9<\/p>","protected":false},"featured_media":7618,"comment_status":"open","ping_status":"closed","template":"","meta":[],"product_brand":[],"product_cat":[536,787],"product_tag":[537,507,506,510,511],"class_list":{"0":"post-7617","1":"product","2":"type-product","3":"status-publish","4":"has-post-thumbnail","6":"product_cat-50x70-cm","7":"product_cat-fine-art-print","8":"product_tag-50x70cm","9":"product_tag-fine-art","10":"product_tag-prints","11":"product_tag-signed","12":"product_tag-unframed","14":"first","15":"instock","16":"featured","17":"purchasable","18":"product-type-simple"},"_links":{"self":[{"href":"https:\/\/maiteleon.com\/fr\/wp-json\/wp\/v2\/product\/7617","targetHints":{"allow":["GET"]}}],"collection":[{"href":"https:\/\/maiteleon.com\/fr\/wp-json\/wp\/v2\/product"}],"about":[{"href":"https:\/\/maiteleon.com\/fr\/wp-json\/wp\/v2\/types\/product"}],"replies":[{"embeddable":true,"href":"https:\/\/maiteleon.com\/fr\/wp-json\/wp\/v2\/comments?post=7617"}],"wp:featuredmedia":[{"embeddable":true,"href":"https:\/\/maiteleon.com\/fr\/wp-json\/wp\/v2\/media\/7618"}],"wp:attachment":[{"href":"https:\/\/maiteleon.com\/fr\/wp-json\/wp\/v2\/media?parent=7617"}],"wp:term":[{"taxonomy":"product_brand","embeddable":true,"href":"https:\/\/maiteleon.com\/fr\/wp-json\/wp\/v2\/product_brand?post=7617"},{"taxonomy":"product_cat","embeddable":true,"href":"https:\/\/maiteleon.com\/fr\/wp-json\/wp\/v2\/product_cat?post=7617"},{"taxonomy":"product_tag","embeddable":true,"href":"https:\/\/maiteleon.com\/fr\/wp-json\/wp\/v2\/product_tag?post=7617"}],"curies":[{"name":"wp","href":"https:\/\/api.w.org\/{rel}","templated":true}]}}