{"id":8121,"date":"2024-11-16T13:15:59","date_gmt":"2024-11-16T12:15:59","guid":{"rendered":"https:\/\/maiteleon.com\/?post_type=product&#038;p=8121"},"modified":"2025-04-21T21:20:04","modified_gmt":"2025-04-21T19:20:04","slug":"a4-2025-wall-calendar-surrealisms","status":"publish","type":"product","link":"https:\/\/maiteleon.com\/fr\/produit\/a4-2025-wall-calendar-surrealisms\/","title":{"rendered":"Calendrier mural 2025 A4 \u2022 Surr\u00e9alismes"},"content":{"rendered":"<p>2025 Calendrier mural A4 \u00ab Surr\u00e9alismes \u00bb de Maite LEON, imprim\u00e9 sur papier satin\u00e9 de 250 g. 26 pages. 21 x 30 cm. \u00c9dition limit\u00e9e \u00e0 30 exemplaires.<\/p>","protected":false},"excerpt":{"rendered":"<p>2025 Calendrier mural A4 \u00ab Surr\u00e9alismes \u00bb de Maite LEON, imprim\u00e9 sur papier satin\u00e9 de 250 g. 26 pages. 21 x 30 cm. \u00c9dition limit\u00e9e \u00e0 30 exemplaires.<\/p>\n<p>Ce calendrier pr\u00e9sente certaines de mes illustrations les plus \u00e9vocatrices et les plus r\u00e9centes autour du th\u00e8me du surr\u00e9alisme, avec des textes personnels pour chaque image. Dans mon travail, j'aime explorer la dimension cach\u00e9e derri\u00e8re les choses et les situations quotidiennes. Une invitation au voyage dans l'imaginaire.<\/p>","protected":false},"featured_media":8118,"comment_status":"open","ping_status":"closed","template":"","meta":[],"product_brand":[],"product_cat":[778],"product_tag":[780,779,762,865],"class_list":{"0":"post-8121","1":"product","2":"type-product","3":"status-publish","4":"has-post-thumbnail","6":"product_cat-calendar","7":"product_tag-a4","8":"product_tag-calendar","9":"product_tag-limited-edition","10":"product_tag-surrealism","12":"first","13":"outofstock","14":"featured","15":"purchasable","16":"product-type-simple"},"_links":{"self":[{"href":"https:\/\/maiteleon.com\/fr\/wp-json\/wp\/v2\/product\/8121","targetHints":{"allow":["GET"]}}],"collection":[{"href":"https:\/\/maiteleon.com\/fr\/wp-json\/wp\/v2\/product"}],"about":[{"href":"https:\/\/maiteleon.com\/fr\/wp-json\/wp\/v2\/types\/product"}],"replies":[{"embeddable":true,"href":"https:\/\/maiteleon.com\/fr\/wp-json\/wp\/v2\/comments?post=8121"}],"wp:featuredmedia":[{"embeddable":true,"href":"https:\/\/maiteleon.com\/fr\/wp-json\/wp\/v2\/media\/8118"}],"wp:attachment":[{"href":"https:\/\/maiteleon.com\/fr\/wp-json\/wp\/v2\/media?parent=8121"}],"wp:term":[{"taxonomy":"product_brand","embeddable":true,"href":"https:\/\/maiteleon.com\/fr\/wp-json\/wp\/v2\/product_brand?post=8121"},{"taxonomy":"product_cat","embeddable":true,"href":"https:\/\/maiteleon.com\/fr\/wp-json\/wp\/v2\/product_cat?post=8121"},{"taxonomy":"product_tag","embeddable":true,"href":"https:\/\/maiteleon.com\/fr\/wp-json\/wp\/v2\/product_tag?post=8121"}],"curies":[{"name":"wp","href":"https:\/\/api.w.org\/{rel}","templated":true}]}}