{"id":8229,"date":"2024-12-23T19:22:01","date_gmt":"2024-12-23T18:22:01","guid":{"rendered":"https:\/\/maiteleon.com\/?post_type=product&#038;p=8229"},"modified":"2025-04-21T21:20:07","modified_gmt":"2025-04-21T19:20:07","slug":"illustration-portfolio-review-40-minutes-one-on-one","status":"publish","type":"product","link":"https:\/\/maiteleon.com\/fr\/produit\/illustration-portfolio-review-40-minutes-one-on-one\/","title":{"rendered":"Relecture de portfolio d'illustration \u2022 Session de 40 minutes"},"content":{"rendered":"<h3 class=\"p1\"><b>Relecture de portfolio d'illustration : Un coup de pouce pour votre carri\u00e8re cr\u00e9ative<\/b><\/h3>\n<p class=\"p1\">Vous \u00eates illustrateur et vous souhaitez faire \u00e9voluer votre travail ? Dans ce cas, une <b>relecture de portfolio<\/b> est le moyen id\u00e9al d'obtenir l'avis et les conseils d'un expert. Que vous soyez d\u00e9butant ou que vous ayez des ann\u00e9es d'exp\u00e9rience, un regard neuf peut vous aider \u00e0 am\u00e9liorer votre portfolio et \u00e0 augmenter vos chances de d\u00e9crocher les bons clients.<\/p>\n<p class=\"p1\"><strong>Lectures de portfolio gratuites<\/strong><\/p>\n<p class=\"p1\">Je suis artiste et illustratrice professionnelle, je travaille \u00e0 plein temps pour la presse, l'\u00e9dition et la publicit\u00e9 avec une connaissance approfondie des industries cr\u00e9atives. J'ai commenc\u00e9 les relectures de portfolio gratuites pour les personnes issues de communaut\u00e9s marginalis\u00e9es et opprim\u00e9es d\u00e9but 2023. Cette initiative gratuite de mentorat, lanc\u00e9e par l'illustrateur britannique <a href=\"https:\/\/owendavey.com\/\">Owen Davey<\/a>, a lieu tous les mois en visio, et c'est une formidable opportunit\u00e9 de rencontrer d'autres artistes et de partager mon exp\u00e9rience avec des illustrateurs du monde entier : en Am\u00e9rique latine, au Canada, en Europe, au Proche-Orient et en Extr\u00eame-Orient.<\/p>\n<p class=\"p1\">Pour obtenir un chat de portfolio GRATUIT de 30 minutes, suivez-moi <a href=\"https:\/\/www.instagram.com\/maite_leon_illustrations\">sur Instagram<\/a> et r\u00e9servez votre session lorsque je poste \u00e0 ce sujet.<\/p>\n<p class=\"p1\">Pour une relecture plus approfondie de votre portfolio, vous pouvez r\u00e9server une session individuelle de 40 minutes avec moi. Voici un aper\u00e7u d\u00e9taill\u00e9 de ce \u00e0 quoi vous pouvez vous attendre :<\/p>\n<p class=\"p3\"><span style=\"color: #ff00ff;\"><b>Qu'est-ce qu'une relecture de portfolio d'illustration ?<\/b><\/span><\/p>\n<p class=\"p3\"><b>La relecture de portfolio est une session de feedback au cours de laquelle un illustrateur exp\u00e9riment\u00e9 examine votre travail et vous donne des conseils sur la mani\u00e8re de l'am\u00e9liorer. Il peut s'agir de :<\/b><\/p>\n<ul>\n<li class=\"p1\">Une critique constructive du travail pr\u00e9sent\u00e9 afin qu'ils r\u00e9ponde \u00e0 vos objectifs<\/li>\n<li class=\"p1\">Conseils sur la pr\u00e9sentation - comment rendre votre portfolio facile \u00e0 parcourir et attrayant<\/li>\n<li class=\"p1\">Conseils sur vos comp\u00e9tences techniques et sur les points \u00e0 am\u00e9liorer<\/li>\n<li class=\"p1\">Vous aider \u00e0 identifier les opportunit\u00e9s de carri\u00e8re et les meilleurs moyens de vous faire conna\u00eetre<\/li>\n<\/ul>\n<p class=\"p3\"><span style=\"color: #ff00ff;\"><b>Pourquoi faire une relecture de portfolio ?<\/b><\/span><\/p>\n<ul>\n<li class=\"p1\">Pour obtenir un retour objectif : Et des conseils avis\u00e9s sur ce qui fonctionne et ce qui ne fonctionne pas<\/li>\n<li class=\"p1\">Clart\u00e9 : Apprenez \u00e0 rendre votre portfolio plus coh\u00e9rent et plus attrayant pour les clients<\/li>\n<li class=\"p1\">Sur le march\u00e9 : Assurez-vous que votre travail correspond \u00e0 ce que recherchent les clients<\/li>\n<li class=\"p1\">Identifiez les points \u00e0 am\u00e9liorer et faites confiance \u00e0 votre  sensibilit\u00e9 artistique et \u00e0 votre style<\/li>\n<\/ul>\n<p class=\"p3\"><span style=\"color: #ff00ff;\"><b>Comment se d\u00e9roule la relecture ?<\/b><\/span><\/p>\n<ul>\n<li class=\"p1\">Analyse de votre travail : J'\u00e9valuerai votre portfolio pour m'assurer qu'il est coh\u00e9rent, qu'il met en valeur vos points forts et qu'il correspond \u00e0 vos objectifs artistiques<\/li>\n<li class=\"p1\">Retour constructif : Vous aurez des commentaires d\u00e9taill\u00e9s sur la mani\u00e8re d'am\u00e9liorer vos images, votre pr\u00e9sentation et votre technique<\/li>\n<li class=\"p1\">Conseils de carri\u00e8re : Je peux vous conseiller sur la mani\u00e8re de cibler des march\u00e9s sp\u00e9cifiques, de vous faire conna\u00eetre aupr\u00e8s des directeurs artistiques et de faire progresser votre carri\u00e8re<\/li>\n<\/ul>\n<p class=\"p3\"><span style=\"color: #ff00ff;\"><b>Vous obtiendrez :<\/b><\/span><\/p>\n<ul>\n<li class=\"p1\">Un feedback personnalis\u00e9 : Des conseils d\u00e9taill\u00e9s, exploitables et adapt\u00e9s \u00e0 votre travail<\/li>\n<li class=\"p1\">Q&amp;R : Vous pourrez poser des questions et approfondir les domaines \u00e0 am\u00e9liorer<\/li>\n<li class=\"p1\">Prochaines \u00e9tapes : Des conseils clairs sur la mani\u00e8re de mettre \u00e0 jour ou de peaufiner votre portfolio<\/li>\n<\/ul>\n<p class=\"p3\"><span style=\"color: #ff00ff;\"><b>Qui peut en b\u00e9n\u00e9ficier ?<\/b><\/span><\/p>\n<ul>\n<li class=\"p1\">Les illustrateurs d\u00e9butants qui ont besoin d'aide pour pr\u00e9senter leur meilleur travail<\/li>\n<li class=\"p1\">Les artistes exp\u00e9riment\u00e9s qui souhaitent rafra\u00eechir leur travail ou se lancer sur de nouveaux march\u00e9s<\/li>\n<li class=\"p1\">Les freelances qui veulent mettre en valeur leur portfolio<\/li>\n<li class=\"p1\">Quiconque souhaite acqu\u00e9rir un savoir-faire professionnel sur le march\u00e9 de l'illustration<\/li>\n<\/ul>\n<p class=\"p3\"><span style=\"color: #ff00ff;\"><b>Comment vous y pr\u00e9parer :<\/b><\/span><\/p>\n<ul>\n<li class=\"p1\">S\u00e9lectionnez vos meilleures r\u00e9alisations : Celles qui mettent en valeur votre style et vos comp\u00e9tences<\/li>\n<li class=\"p1\">Soyez r\u00e9ceptif au feedback : C'est l'occasion de s'am\u00e9liorer<\/li>\n<li class=\"p1\">Ayez un objectif pr\u00e9cis : Dans quels domaines sp\u00e9cifiques souhaitez-vous obtenir un feedback (pr\u00e9sentation, technique ou conseils en mati\u00e8re de carri\u00e8re) ?<\/li>\n<\/ul>\n<p class=\"p3\"><b>Pourquoi \u00e7a vaut le coup :<\/b><\/p>\n<p class=\"p3\"><b>Une relecture de portfolio peut vous donner la confiance, la clart\u00e9 et l'orientation dont vous avez besoin pour trouver de meilleurs clients, faire \u00e9voluer votre carri\u00e8re et porter votre pratique artistique vers de nouveaux sommets.<\/b><\/p>\n<p class=\"p3\"><b>Pr\u00eats \u00e0 booster votre portfolio ? R\u00e9servez votre relecture de portfolio en 40 minutes et obtenez les astuces pros dont vous avez besoin pour r\u00e9ussir !<\/b><\/p>","protected":false},"excerpt":{"rendered":"<p class=\"p1\"><b>Relecture de portfolio d'illustration : Un coup de pouce pour votre carri\u00e8re cr\u00e9ative<\/b><\/p>\n<p class=\"p1\">Vous \u00eates illustrateur et vous souhaitez faire \u00e9voluer votre travail ? Dans ce cas, une <b>relecture de portfolio<\/b> est le moyen id\u00e9al d'obtenir l'avis et les conseils d'un expert. Que vous soyez d\u00e9butant ou que vous ayez des ann\u00e9es d'exp\u00e9rience, un regard neuf peut vous aider \u00e0 am\u00e9liorer votre portfolio et \u00e0 augmenter vos chances de d\u00e9crocher les bons clients. <b>Pr\u00eats \u00e0 booster votre portfolio ? R\u00e9servez votre relecture de portfolio en 40 minutes et obtenez les astuces pros dont vous avez besoin pour r\u00e9ussir !<\/b><\/p>","protected":false},"featured_media":8230,"comment_status":"open","ping_status":"closed","template":"","meta":[],"product_brand":[],"product_cat":[884],"product_tag":[885],"class_list":{"0":"post-8229","1":"product","2":"type-product","3":"status-publish","4":"has-post-thumbnail","6":"product_cat-illustration-portfolio-review","7":"product_tag-illustration-portfolio-review","9":"first","10":"instock","11":"featured","12":"virtual","13":"sold-individually","14":"purchasable","15":"product-type-simple"},"_links":{"self":[{"href":"https:\/\/maiteleon.com\/fr\/wp-json\/wp\/v2\/product\/8229","targetHints":{"allow":["GET"]}}],"collection":[{"href":"https:\/\/maiteleon.com\/fr\/wp-json\/wp\/v2\/product"}],"about":[{"href":"https:\/\/maiteleon.com\/fr\/wp-json\/wp\/v2\/types\/product"}],"replies":[{"embeddable":true,"href":"https:\/\/maiteleon.com\/fr\/wp-json\/wp\/v2\/comments?post=8229"}],"wp:featuredmedia":[{"embeddable":true,"href":"https:\/\/maiteleon.com\/fr\/wp-json\/wp\/v2\/media\/8230"}],"wp:attachment":[{"href":"https:\/\/maiteleon.com\/fr\/wp-json\/wp\/v2\/media?parent=8229"}],"wp:term":[{"taxonomy":"product_brand","embeddable":true,"href":"https:\/\/maiteleon.com\/fr\/wp-json\/wp\/v2\/product_brand?post=8229"},{"taxonomy":"product_cat","embeddable":true,"href":"https:\/\/maiteleon.com\/fr\/wp-json\/wp\/v2\/product_cat?post=8229"},{"taxonomy":"product_tag","embeddable":true,"href":"https:\/\/maiteleon.com\/fr\/wp-json\/wp\/v2\/product_tag?post=8229"}],"curies":[{"name":"wp","href":"https:\/\/api.w.org\/{rel}","templated":true}]}}