{"id":8507,"date":"2025-10-31T18:36:49","date_gmt":"2025-10-31T17:36:49","guid":{"rendered":"https:\/\/maiteleon.com\/?post_type=product&#038;p=8507"},"modified":"2026-03-09T19:47:42","modified_gmt":"2026-03-09T18:47:42","slug":"a4-2026-wall-calendar-zodiaques-in-french","status":"publish","type":"product","link":"https:\/\/maiteleon.com\/fr\/produit\/a4-2026-wall-calendar-zodiaques-in-french\/","title":{"rendered":"Calendrier mural A4 2026 \u2022 Zodiaques"},"content":{"rendered":"<div class=\"wpb-content-wrapper\"><div class=\"vc_row wpb_row vc_row-fluid edgtf-section edgtf-content-aligment-left\" style=\"\"><div class=\"clearfix edgtf-full-section-inner\"><div class=\"wpb_column vc_column_container vc_col-sm-12\"><div class=\"vc_column-inner\"><div class=\"wpb_wrapper\">\n\t<div class=\"wpb_text_column wpb_content_element\" >\n\t\t<div class=\"wpb_wrapper\">\n\t\t\t<p>Calendrier mural 2026 A4 \u00ab Zodiaques \u00bb de Maite LEON, imprim\u00e9 sur papier satin\u00e9 de 250 g. 26 pages. 21 x 30 cm. \u00c9dition limit\u00e9e \u00e0 30 exemplaires.<\/p>\n\n\t\t<\/div>\n\t<\/div>\n<\/div><\/div><\/div><\/div><\/div>\n<\/div>","protected":false},"excerpt":{"rendered":"<p>Calendrier mural 2026 A4 \u00ab Zodiaques \u00bb de Maite LEON, imprim\u00e9 sur papier satin\u00e9 de 250 g. 26 pages. 21 x 30 cm. \u00c9dition limit\u00e9e \u00e0 30 exemplaires.<\/p>\n<p>Ce calendrier pr\u00e9sente certaines de mes illustrations les plus \u00e9vocatrices et les plus r\u00e9centes autour du th\u00e8me des signes astrologiques, avec des textes personnels pour chaque image. Dans mon travail, j'aime explorer la dimension cach\u00e9e derri\u00e8re les choses et les situations quotidiennes. Une invitation au voyage dans l'imaginaire.<\/p>","protected":false},"featured_media":8508,"comment_status":"open","ping_status":"closed","template":"","meta":[],"product_brand":[],"product_cat":[778],"product_tag":[780,779,762,953],"class_list":{"0":"post-8507","1":"product","2":"type-product","3":"status-publish","4":"has-post-thumbnail","6":"product_cat-calendar","7":"product_tag-a4","8":"product_tag-calendar","9":"product_tag-limited-edition","10":"product_tag-zodiacs","12":"first","13":"outofstock","14":"featured","15":"purchasable","16":"product-type-simple"},"_links":{"self":[{"href":"https:\/\/maiteleon.com\/fr\/wp-json\/wp\/v2\/product\/8507","targetHints":{"allow":["GET"]}}],"collection":[{"href":"https:\/\/maiteleon.com\/fr\/wp-json\/wp\/v2\/product"}],"about":[{"href":"https:\/\/maiteleon.com\/fr\/wp-json\/wp\/v2\/types\/product"}],"replies":[{"embeddable":true,"href":"https:\/\/maiteleon.com\/fr\/wp-json\/wp\/v2\/comments?post=8507"}],"wp:featuredmedia":[{"embeddable":true,"href":"https:\/\/maiteleon.com\/fr\/wp-json\/wp\/v2\/media\/8508"}],"wp:attachment":[{"href":"https:\/\/maiteleon.com\/fr\/wp-json\/wp\/v2\/media?parent=8507"}],"wp:term":[{"taxonomy":"product_brand","embeddable":true,"href":"https:\/\/maiteleon.com\/fr\/wp-json\/wp\/v2\/product_brand?post=8507"},{"taxonomy":"product_cat","embeddable":true,"href":"https:\/\/maiteleon.com\/fr\/wp-json\/wp\/v2\/product_cat?post=8507"},{"taxonomy":"product_tag","embeddable":true,"href":"https:\/\/maiteleon.com\/fr\/wp-json\/wp\/v2\/product_tag?post=8507"}],"curies":[{"name":"wp","href":"https:\/\/api.w.org\/{rel}","templated":true}]}}